{"id":24473,"date":"2025-09-10T08:13:13","date_gmt":"2025-09-10T08:13:13","guid":{"rendered":"https:\/\/shop.steine.info\/product\/42650-geschaeft-fuer-haustierzubehoer\/"},"modified":"2026-04-20T09:45:49","modified_gmt":"2026-04-20T09:45:49","slug":"42650-geschaeft-fuer-haustierzubehoer","status":"publish","type":"product","link":"https:\/\/shop.steine.info\/de\/produkt\/42650-geschaeft-fuer-haustierzubehoer\/","title":{"rendered":"42650 Gesch\u00e4ft f\u00fcr Haustierzubeh\u00f6r"},"content":{"rendered":"","protected":false},"excerpt":{"rendered":"","protected":false},"featured_media":24471,"comment_status":"open","ping_status":"closed","template":"","meta":{"_acf_changed":false},"product_cat":[4516],"product_tag":[2628],"class_list":{"0":"post-24473","1":"product","2":"type-product","3":"status-publish","4":"has-post-thumbnail","6":"product_cat-lego-friends","7":"product_tag-second-age-block","8":"pa_ages-6-2","10":"first","11":"instock","12":"shipping-taxable","13":"purchasable","14":"product-type-simple"},"acf":[],"_links":{"self":[{"href":"https:\/\/shop.steine.info\/de\/wp-json\/wp\/v2\/product\/24473","targetHints":{"allow":["GET"]}}],"collection":[{"href":"https:\/\/shop.steine.info\/de\/wp-json\/wp\/v2\/product"}],"about":[{"href":"https:\/\/shop.steine.info\/de\/wp-json\/wp\/v2\/types\/product"}],"replies":[{"embeddable":true,"href":"https:\/\/shop.steine.info\/de\/wp-json\/wp\/v2\/comments?post=24473"}],"wp:featuredmedia":[{"embeddable":true,"href":"https:\/\/shop.steine.info\/de\/wp-json\/wp\/v2\/media\/24471"}],"wp:attachment":[{"href":"https:\/\/shop.steine.info\/de\/wp-json\/wp\/v2\/media?parent=24473"}],"wp:term":[{"taxonomy":"product_cat","embeddable":true,"href":"https:\/\/shop.steine.info\/de\/wp-json\/wp\/v2\/product_cat?post=24473"},{"taxonomy":"product_tag","embeddable":true,"href":"https:\/\/shop.steine.info\/de\/wp-json\/wp\/v2\/product_tag?post=24473"}],"curies":[{"name":"wp","href":"https:\/\/api.w.org\/{rel}","templated":true}]}}